{"id":439,"date":"2025-07-22T20:02:38","date_gmt":"2025-07-22T20:02:38","guid":{"rendered":"https:\/\/mauritius-chamber-of-agriculture.org\/smart-agriculture\/?page_id=439"},"modified":"2025-07-22T20:02:38","modified_gmt":"2025-07-22T20:02:38","slug":"publications-and-reports","status":"publish","type":"page","link":"https:\/\/mauritius-chamber-of-agriculture.org\/smart-agriculture\/publications-and-reports\/","title":{"rendered":"PUBLICATIONS AND REPORTS"},"content":{"rendered":"\t\t<div data-elementor-type=\"wp-page\" data-elementor-id=\"439\" class=\"elementor elementor-439\" data-elementor-post-type=\"page\">\n\t\t\t\t\t\t<section class=\"elementor-section elementor-top-section elementor-element elementor-element-9a0434b elementor-section-stretched elementor-section-height-min-height elementor-section-boxed elementor-section-height-default elementor-section-items-middle\" data-id=\"9a0434b\" data-element_type=\"section\" data-settings=\"{&quot;stretch_section&quot;:&quot;section-stretched&quot;,&quot;jet_parallax_layout_list&quot;:[]}\">\n\t\t\t\t\t\t<div class=\"elementor-container elementor-column-gap-default\">\n\t\t\t\t\t<div class=\"elementor-column elementor-col-100 elementor-top-column elementor-element elementor-element-5111688\" data-id=\"5111688\" data-element_type=\"column\">\n\t\t\t<div class=\"elementor-widget-wrap elementor-element-populated\">\n\t\t\t\t\t\t<div class=\"elementor-element elementor-element-4f73549 elementor-widget elementor-widget-spacer\" data-id=\"4f73549\" data-element_type=\"widget\" data-widget_type=\"spacer.default\">\n\t\t\t\t<div class=\"elementor-widget-container\">\n\t\t\t\t\t\t\t<div class=\"elementor-spacer\">\n\t\t\t<div class=\"elementor-spacer-inner\"><\/div>\n\t\t<\/div>\n\t\t\t\t\t\t<\/div>\n\t\t\t\t<\/div>\n\t\t\t\t<div class=\"elementor-element elementor-element-b71de69 elementor-widget elementor-widget-heading\" data-id=\"b71de69\" data-element_type=\"widget\" data-widget_type=\"heading.default\">\n\t\t\t\t<div class=\"elementor-widget-container\">\n\t\t\t\t\t<h2 class=\"elementor-heading-title elementor-size-default\">Publications and Reports\n<\/h2>\t\t\t\t<\/div>\n\t\t\t\t<\/div>\n\t\t\t\t<div class=\"elementor-element elementor-element-344f3df elementor-widget elementor-widget-spacer\" data-id=\"344f3df\" data-element_type=\"widget\" data-widget_type=\"spacer.default\">\n\t\t\t\t<div class=\"elementor-widget-container\">\n\t\t\t\t\t\t\t<div class=\"elementor-spacer\">\n\t\t\t<div class=\"elementor-spacer-inner\"><\/div>\n\t\t<\/div>\n\t\t\t\t\t\t<\/div>\n\t\t\t\t<\/div>\n\t\t\t\t<div class=\"elementor-element elementor-element-75c4267 elementor-widget elementor-widget-heading\" data-id=\"75c4267\" data-element_type=\"widget\" data-widget_type=\"heading.default\">\n\t\t\t\t<div class=\"elementor-widget-container\">\n\t\t\t\t\t<h2 class=\"elementor-heading-title elementor-size-default\">Publications<\/h2>\t\t\t\t<\/div>\n\t\t\t\t<\/div>\n\t\t\t\t<div class=\"elementor-element elementor-element-8a16e99 elementor-widget-divider--view-line elementor-widget elementor-widget-divider\" data-id=\"8a16e99\" data-element_type=\"widget\" data-widget_type=\"divider.default\">\n\t\t\t\t<div class=\"elementor-widget-container\">\n\t\t\t\t\t\t\t<div class=\"elementor-divider\">\n\t\t\t<span class=\"elementor-divider-separator\">\n\t\t\t\t\t\t<\/span>\n\t\t<\/div>\n\t\t\t\t\t\t<\/div>\n\t\t\t\t<\/div>\n\t\t\t\t<div class=\"elementor-element elementor-element-59ebad4 elementor-icon-list--layout-traditional elementor-list-item-link-full_width elementor-widget elementor-widget-icon-list\" data-id=\"59ebad4\" data-element_type=\"widget\" data-widget_type=\"icon-list.default\">\n\t\t\t\t<div class=\"elementor-widget-container\">\n\t\t\t\t\t\t\t<ul class=\"elementor-icon-list-items\">\n\t\t\t\t\t\t\t<li class=\"elementor-icon-list-item\">\n\t\t\t\t\t\t\t\t\t\t\t<a href=\"#\">\n\n\t\t\t\t\t\t\t\t\t\t\t\t<span class=\"elementor-icon-list-icon\">\n\t\t\t\t\t\t\t<svg aria-hidden=\"true\" class=\"e-font-icon-svg e-far-file-pdf\" viewBox=\"0 0 384 512\" xmlns=\"http:\/\/www.w3.org\/2000\/svg\"><path d=\"M369.9 97.9L286 14C277 5 264.8-.1 252.1-.1H48C21.5 0 0 21.5 0 48v416c0 26.5 21.5 48 48 48h288c26.5 0 48-21.5 48-48V131.9c0-12.7-5.1-25-14.1-34zM332.1 128H256V51.9l76.1 76.1zM48 464V48h160v104c0 13.3 10.7 24 24 24h104v288H48zm250.2-143.7c-12.2-12-47-8.7-64.4-6.5-17.2-10.5-28.7-25-36.8-46.3 3.9-16.1 10.1-40.6 5.4-56-4.2-26.2-37.8-23.6-42.6-5.9-4.4 16.1-.4 38.5 7 67.1-10 23.9-24.9 56-35.4 74.4-20 10.3-47 26.2-51 46.2-3.3 15.8 26 55.2 76.1-31.2 22.4-7.4 46.8-16.5 68.4-20.1 18.9 10.2 41 17 55.8 17 25.5 0 28-28.2 17.5-38.7zm-198.1 77.8c5.1-13.7 24.5-29.5 30.4-35-19 30.3-30.4 35.7-30.4 35zm81.6-190.6c7.4 0 6.7 32.1 1.8 40.8-4.4-13.9-4.3-40.8-1.8-40.8zm-24.4 136.6c9.7-16.9 18-37 24.7-54.7 8.3 15.1 18.9 27.2 30.1 35.5-20.8 4.3-38.9 13.1-54.8 19.2zm131.6-5s-5 6-37.3-7.8c35.1-2.6 40.9 5.4 37.3 7.8z\"><\/path><\/svg>\t\t\t\t\t\t<\/span>\n\t\t\t\t\t\t\t\t\t\t<span class=\"elementor-icon-list-text\">Pr\u00e9sentation workshop 27.08.18<\/span>\n\t\t\t\t\t\t\t\t\t\t\t<\/a>\n\t\t\t\t\t\t\t\t\t<\/li>\n\t\t\t\t\t\t<\/ul>\n\t\t\t\t\t\t<\/div>\n\t\t\t\t<\/div>\n\t\t\t\t<div class=\"elementor-element elementor-element-3efc9bd elementor-widget elementor-widget-spacer\" data-id=\"3efc9bd\" data-element_type=\"widget\" data-widget_type=\"spacer.default\">\n\t\t\t\t<div class=\"elementor-widget-container\">\n\t\t\t\t\t\t\t<div class=\"elementor-spacer\">\n\t\t\t<div class=\"elementor-spacer-inner\"><\/div>\n\t\t<\/div>\n\t\t\t\t\t\t<\/div>\n\t\t\t\t<\/div>\n\t\t\t\t<div class=\"elementor-element elementor-element-df46f97 elementor-widget elementor-widget-heading\" data-id=\"df46f97\" data-element_type=\"widget\" data-widget_type=\"heading.default\">\n\t\t\t\t<div class=\"elementor-widget-container\">\n\t\t\t\t\t<h2 class=\"elementor-heading-title elementor-size-default\">Reports<\/h2>\t\t\t\t<\/div>\n\t\t\t\t<\/div>\n\t\t\t\t<div class=\"elementor-element elementor-element-1c2997f elementor-widget-divider--view-line elementor-widget elementor-widget-divider\" data-id=\"1c2997f\" data-element_type=\"widget\" data-widget_type=\"divider.default\">\n\t\t\t\t<div class=\"elementor-widget-container\">\n\t\t\t\t\t\t\t<div class=\"elementor-divider\">\n\t\t\t<span class=\"elementor-divider-separator\">\n\t\t\t\t\t\t<\/span>\n\t\t<\/div>\n\t\t\t\t\t\t<\/div>\n\t\t\t\t<\/div>\n\t\t\t\t<div class=\"elementor-element elementor-element-aca08ad elementor-icon-list--layout-traditional elementor-list-item-link-full_width elementor-widget elementor-widget-icon-list\" data-id=\"aca08ad\" data-element_type=\"widget\" data-widget_type=\"icon-list.default\">\n\t\t\t\t<div class=\"elementor-widget-container\">\n\t\t\t\t\t\t\t<ul class=\"elementor-icon-list-items\">\n\t\t\t\t\t\t\t<li class=\"elementor-icon-list-item\">\n\t\t\t\t\t\t\t\t\t\t\t<a href=\"https:\/\/mauritius-chamber-of-agriculture.org\/smart-agriculture\/wp-content\/uploads\/sites\/2\/2024\/12\/Rapport-Smart-Agri-Phase-1.pdf\">\n\n\t\t\t\t\t\t\t\t\t\t\t\t<span class=\"elementor-icon-list-icon\">\n\t\t\t\t\t\t\t<svg aria-hidden=\"true\" class=\"e-font-icon-svg e-far-file-pdf\" viewBox=\"0 0 384 512\" xmlns=\"http:\/\/www.w3.org\/2000\/svg\"><path d=\"M369.9 97.9L286 14C277 5 264.8-.1 252.1-.1H48C21.5 0 0 21.5 0 48v416c0 26.5 21.5 48 48 48h288c26.5 0 48-21.5 48-48V131.9c0-12.7-5.1-25-14.1-34zM332.1 128H256V51.9l76.1 76.1zM48 464V48h160v104c0 13.3 10.7 24 24 24h104v288H48zm250.2-143.7c-12.2-12-47-8.7-64.4-6.5-17.2-10.5-28.7-25-36.8-46.3 3.9-16.1 10.1-40.6 5.4-56-4.2-26.2-37.8-23.6-42.6-5.9-4.4 16.1-.4 38.5 7 67.1-10 23.9-24.9 56-35.4 74.4-20 10.3-47 26.2-51 46.2-3.3 15.8 26 55.2 76.1-31.2 22.4-7.4 46.8-16.5 68.4-20.1 18.9 10.2 41 17 55.8 17 25.5 0 28-28.2 17.5-38.7zm-198.1 77.8c5.1-13.7 24.5-29.5 30.4-35-19 30.3-30.4 35.7-30.4 35zm81.6-190.6c7.4 0 6.7 32.1 1.8 40.8-4.4-13.9-4.3-40.8-1.8-40.8zm-24.4 136.6c9.7-16.9 18-37 24.7-54.7 8.3 15.1 18.9 27.2 30.1 35.5-20.8 4.3-38.9 13.1-54.8 19.2zm131.6-5s-5 6-37.3-7.8c35.1-2.6 40.9 5.4 37.3 7.8z\"><\/path><\/svg>\t\t\t\t\t\t<\/span>\n\t\t\t\t\t\t\t\t\t\t<span class=\"elementor-icon-list-text\">Smart Agriculture Phase 1 : Enqu\u00eate sur les pratiques phytosanitaires des producteurs de l\u00e9gumes \u00e0 Maurice<\/span>\n\t\t\t\t\t\t\t\t\t\t\t<\/a>\n\t\t\t\t\t\t\t\t\t<\/li>\n\t\t\t\t\t\t\t\t<li class=\"elementor-icon-list-item\">\n\t\t\t\t\t\t\t\t\t\t\t<a href=\"https:\/\/mauritius-chamber-of-agriculture.org\/smart-agriculture\/wp-content\/uploads\/sites\/2\/2024\/12\/Vers-la-reduction-de-lutilisation-des-produits-phytosanitaires-en-cultures-vivrieres-a-Maurice.pdf\">\n\n\t\t\t\t\t\t\t\t\t\t\t\t<span class=\"elementor-icon-list-icon\">\n\t\t\t\t\t\t\t<svg aria-hidden=\"true\" class=\"e-font-icon-svg e-fas-file-invoice\" viewBox=\"0 0 384 512\" xmlns=\"http:\/\/www.w3.org\/2000\/svg\"><path d=\"M288 256H96v64h192v-64zm89-151L279.1 7c-4.5-4.5-10.6-7-17-7H256v128h128v-6.1c0-6.3-2.5-12.4-7-16.9zm-153 31V0H24C10.7 0 0 10.7 0 24v464c0 13.3 10.7 24 24 24h336c13.3 0 24-10.7 24-24V160H248c-13.2 0-24-10.8-24-24zM64 72c0-4.42 3.58-8 8-8h80c4.42 0 8 3.58 8 8v16c0 4.42-3.58 8-8 8H72c-4.42 0-8-3.58-8-8V72zm0 64c0-4.42 3.58-8 8-8h80c4.42 0 8 3.58 8 8v16c0 4.42-3.58 8-8 8H72c-4.42 0-8-3.58-8-8v-16zm256 304c0 4.42-3.58 8-8 8h-80c-4.42 0-8-3.58-8-8v-16c0-4.42 3.58-8 8-8h80c4.42 0 8 3.58 8 8v16zm0-200v96c0 8.84-7.16 16-16 16H80c-8.84 0-16-7.16-16-16v-96c0-8.84 7.16-16 16-16h224c8.84 0 16 7.16 16 16z\"><\/path><\/svg>\t\t\t\t\t\t<\/span>\n\t\t\t\t\t\t\t\t\t\t<span class=\"elementor-icon-list-text\">Smart Agri Phase 2 - Vers la r\u00e9duction de l\u2019utilisation des produits phytosanitaires en cultures vivri\u00e8res \u00e0 Maurice<\/span>\n\t\t\t\t\t\t\t\t\t\t\t<\/a>\n\t\t\t\t\t\t\t\t\t<\/li>\n\t\t\t\t\t\t<\/ul>\n\t\t\t\t\t\t<\/div>\n\t\t\t\t<\/div>\n\t\t\t\t<div class=\"elementor-element elementor-element-f15d868 elementor-widget elementor-widget-spacer\" data-id=\"f15d868\" data-element_type=\"widget\" data-widget_type=\"spacer.default\">\n\t\t\t\t<div class=\"elementor-widget-container\">\n\t\t\t\t\t\t\t<div class=\"elementor-spacer\">\n\t\t\t<div class=\"elementor-spacer-inner\"><\/div>\n\t\t<\/div>\n\t\t\t\t\t\t<\/div>\n\t\t\t\t<\/div>\n\t\t\t\t<div class=\"elementor-element elementor-element-b2ad33d elementor-widget elementor-widget-heading\" data-id=\"b2ad33d\" data-element_type=\"widget\" data-widget_type=\"heading.default\">\n\t\t\t\t<div class=\"elementor-widget-container\">\n\t\t\t\t\t<h2 class=\"elementor-heading-title elementor-size-default\">Technical sheets<\/h2>\t\t\t\t<\/div>\n\t\t\t\t<\/div>\n\t\t\t\t<div class=\"elementor-element elementor-element-439e820 elementor-widget-divider--view-line elementor-widget elementor-widget-divider\" data-id=\"439e820\" data-element_type=\"widget\" data-widget_type=\"divider.default\">\n\t\t\t\t<div class=\"elementor-widget-container\">\n\t\t\t\t\t\t\t<div class=\"elementor-divider\">\n\t\t\t<span class=\"elementor-divider-separator\">\n\t\t\t\t\t\t<\/span>\n\t\t<\/div>\n\t\t\t\t\t\t<\/div>\n\t\t\t\t<\/div>\n\t\t\t\t<div class=\"elementor-element elementor-element-71d30b0 elementor-icon-list--layout-traditional elementor-list-item-link-full_width elementor-widget elementor-widget-icon-list\" data-id=\"71d30b0\" data-element_type=\"widget\" data-widget_type=\"icon-list.default\">\n\t\t\t\t<div class=\"elementor-widget-container\">\n\t\t\t\t\t\t\t<ul class=\"elementor-icon-list-items\">\n\t\t\t\t\t\t\t<li class=\"elementor-icon-list-item\">\n\t\t\t\t\t\t\t\t\t\t\t<a href=\"https:\/\/mauritius-chamber-of-agriculture.org\/wp-content\/uploads\/2021\/05\/Fiche-Technique-Lutte-integree-contre-la-mouche-des-fruits_compressed-1.pdf\">\n\n\t\t\t\t\t\t\t\t\t\t\t\t<span class=\"elementor-icon-list-icon\">\n\t\t\t\t\t\t\t<svg aria-hidden=\"true\" class=\"e-font-icon-svg e-far-file-pdf\" viewBox=\"0 0 384 512\" xmlns=\"http:\/\/www.w3.org\/2000\/svg\"><path d=\"M369.9 97.9L286 14C277 5 264.8-.1 252.1-.1H48C21.5 0 0 21.5 0 48v416c0 26.5 21.5 48 48 48h288c26.5 0 48-21.5 48-48V131.9c0-12.7-5.1-25-14.1-34zM332.1 128H256V51.9l76.1 76.1zM48 464V48h160v104c0 13.3 10.7 24 24 24h104v288H48zm250.2-143.7c-12.2-12-47-8.7-64.4-6.5-17.2-10.5-28.7-25-36.8-46.3 3.9-16.1 10.1-40.6 5.4-56-4.2-26.2-37.8-23.6-42.6-5.9-4.4 16.1-.4 38.5 7 67.1-10 23.9-24.9 56-35.4 74.4-20 10.3-47 26.2-51 46.2-3.3 15.8 26 55.2 76.1-31.2 22.4-7.4 46.8-16.5 68.4-20.1 18.9 10.2 41 17 55.8 17 25.5 0 28-28.2 17.5-38.7zm-198.1 77.8c5.1-13.7 24.5-29.5 30.4-35-19 30.3-30.4 35.7-30.4 35zm81.6-190.6c7.4 0 6.7 32.1 1.8 40.8-4.4-13.9-4.3-40.8-1.8-40.8zm-24.4 136.6c9.7-16.9 18-37 24.7-54.7 8.3 15.1 18.9 27.2 30.1 35.5-20.8 4.3-38.9 13.1-54.8 19.2zm131.6-5s-5 6-37.3-7.8c35.1-2.6 40.9 5.4 37.3 7.8z\"><\/path><\/svg>\t\t\t\t\t\t<\/span>\n\t\t\t\t\t\t\t\t\t\t<span class=\"elementor-icon-list-text\">Fiche technique : Lutte int\u00e9gr\u00e9e contre  la mouche des fruits<\/span>\n\t\t\t\t\t\t\t\t\t\t\t<\/a>\n\t\t\t\t\t\t\t\t\t<\/li>\n\t\t\t\t\t\t<\/ul>\n\t\t\t\t\t\t<\/div>\n\t\t\t\t<\/div>\n\t\t\t\t<div class=\"elementor-element elementor-element-846aeb6 elementor-widget elementor-widget-spacer\" data-id=\"846aeb6\" data-element_type=\"widget\" data-widget_type=\"spacer.default\">\n\t\t\t\t<div class=\"elementor-widget-container\">\n\t\t\t\t\t\t\t<div class=\"elementor-spacer\">\n\t\t\t<div class=\"elementor-spacer-inner\"><\/div>\n\t\t<\/div>\n\t\t\t\t\t\t<\/div>\n\t\t\t\t<\/div>\n\t\t\t\t\t<\/div>\n\t\t<\/div>\n\t\t\t\t\t<\/div>\n\t\t<\/section>\n\t\t\t\t<\/div>\n\t\t","protected":false},"excerpt":{"rendered":"<p>Publications and Reports Publications Pr\u00e9sentation workshop 27.08.18 Reports Smart Agriculture Phase 1 : Enqu\u00eate sur les pratiques phytosanitaires des producteurs de l\u00e9gumes \u00e0 Maurice Smart Agri Phase 2 &#8211; Vers la r\u00e9duction de l\u2019utilisation des produits phytosanitaires en cultures vivri\u00e8res \u00e0 Maurice Technical sheets Fiche technique : Lutte int\u00e9gr\u00e9e contre la mouche des fruits<\/p>\n","protected":false},"author":3,"featured_media":0,"parent":0,"menu_order":0,"comment_status":"closed","ping_status":"closed","template":"elementor_header_footer","meta":{"footnotes":""},"class_list":["post-439","page","type-page","status-publish","hentry"],"yoast_head":"<!-- This site is optimized with the Yoast SEO plugin v26.0 - https:\/\/yoast.com\/wordpress\/plugins\/seo\/ -->\n<title>PUBLICATIONS AND REPORTS - Smart Agriculture Mauritius<\/title>\n<meta name=\"robots\" content=\"index, follow, max-snippet:-1, max-image-preview:large, max-video-preview:-1\" \/>\n<link rel=\"canonical\" href=\"https:\/\/mauritius-chamber-of-agriculture.org\/smart-agriculture\/publications-and-reports\/\" \/>\n<meta property=\"og:locale\" content=\"en_US\" \/>\n<meta property=\"og:type\" content=\"article\" \/>\n<meta property=\"og:title\" content=\"PUBLICATIONS AND REPORTS - Smart Agriculture Mauritius\" \/>\n<meta property=\"og:description\" content=\"Publications and Reports Publications Pr\u00e9sentation workshop 27.08.18 Reports Smart Agriculture Phase 1 : Enqu\u00eate sur les pratiques phytosanitaires des producteurs de l\u00e9gumes \u00e0 Maurice Smart Agri Phase 2 &#8211; Vers la r\u00e9duction de l\u2019utilisation des produits phytosanitaires en cultures vivri\u00e8res \u00e0 Maurice Technical sheets Fiche technique : Lutte int\u00e9gr\u00e9e contre la mouche des fruits\" \/>\n<meta property=\"og:url\" content=\"https:\/\/mauritius-chamber-of-agriculture.org\/smart-agriculture\/publications-and-reports\/\" \/>\n<meta property=\"og:site_name\" content=\"Smart Agriculture Mauritius\" \/>\n<meta name=\"twitter:card\" content=\"summary_large_image\" \/>\n<meta name=\"twitter:label1\" content=\"Est. reading time\" \/>\n\t<meta name=\"twitter:data1\" content=\"1 minute\" \/>\n<script type=\"application\/ld+json\" class=\"yoast-schema-graph\">{\"@context\":\"https:\/\/schema.org\",\"@graph\":[{\"@type\":\"WebPage\",\"@id\":\"https:\/\/mauritius-chamber-of-agriculture.org\/smart-agriculture\/publications-and-reports\/\",\"url\":\"https:\/\/mauritius-chamber-of-agriculture.org\/smart-agriculture\/publications-and-reports\/\",\"name\":\"PUBLICATIONS AND REPORTS - Smart Agriculture Mauritius\",\"isPartOf\":{\"@id\":\"https:\/\/mauritius-chamber-of-agriculture.org\/smart-agriculture\/#website\"},\"datePublished\":\"2025-07-22T20:02:38+00:00\",\"breadcrumb\":{\"@id\":\"https:\/\/mauritius-chamber-of-agriculture.org\/smart-agriculture\/publications-and-reports\/#breadcrumb\"},\"inLanguage\":\"en-US\",\"potentialAction\":[{\"@type\":\"ReadAction\",\"target\":[\"https:\/\/mauritius-chamber-of-agriculture.org\/smart-agriculture\/publications-and-reports\/\"]}]},{\"@type\":\"BreadcrumbList\",\"@id\":\"https:\/\/mauritius-chamber-of-agriculture.org\/smart-agriculture\/publications-and-reports\/#breadcrumb\",\"itemListElement\":[{\"@type\":\"ListItem\",\"position\":1,\"name\":\"Home\",\"item\":\"https:\/\/mauritius-chamber-of-agriculture.org\/smart-agriculture\/\"},{\"@type\":\"ListItem\",\"position\":2,\"name\":\"PUBLICATIONS AND REPORTS\"}]},{\"@type\":\"WebSite\",\"@id\":\"https:\/\/mauritius-chamber-of-agriculture.org\/smart-agriculture\/#website\",\"url\":\"https:\/\/mauritius-chamber-of-agriculture.org\/smart-agriculture\/\",\"name\":\"Smart Agriculture Mauritius\",\"description\":\"\",\"publisher\":{\"@id\":\"https:\/\/mauritius-chamber-of-agriculture.org\/smart-agriculture\/#organization\"},\"potentialAction\":[{\"@type\":\"SearchAction\",\"target\":{\"@type\":\"EntryPoint\",\"urlTemplate\":\"https:\/\/mauritius-chamber-of-agriculture.org\/smart-agriculture\/?s={search_term_string}\"},\"query-input\":{\"@type\":\"PropertyValueSpecification\",\"valueRequired\":true,\"valueName\":\"search_term_string\"}}],\"inLanguage\":\"en-US\"},{\"@type\":\"Organization\",\"@id\":\"https:\/\/mauritius-chamber-of-agriculture.org\/smart-agriculture\/#organization\",\"name\":\"Smart Agriculture Mauritius\",\"url\":\"https:\/\/mauritius-chamber-of-agriculture.org\/smart-agriculture\/\",\"logo\":{\"@type\":\"ImageObject\",\"inLanguage\":\"en-US\",\"@id\":\"https:\/\/mauritius-chamber-of-agriculture.org\/smart-agriculture\/#\/schema\/logo\/image\/\",\"url\":\"https:\/\/mauritius-chamber-of-agriculture.org\/smart-agriculture\/wp-content\/uploads\/sites\/2\/2024\/12\/logo-smart-agriculture-rvb.png\",\"contentUrl\":\"https:\/\/mauritius-chamber-of-agriculture.org\/smart-agriculture\/wp-content\/uploads\/sites\/2\/2024\/12\/logo-smart-agriculture-rvb.png\",\"width\":300,\"height\":141,\"caption\":\"Smart Agriculture Mauritius\"},\"image\":{\"@id\":\"https:\/\/mauritius-chamber-of-agriculture.org\/smart-agriculture\/#\/schema\/logo\/image\/\"}}]}<\/script>\n<!-- \/ Yoast SEO plugin. -->","yoast_head_json":{"title":"PUBLICATIONS AND REPORTS - Smart Agriculture Mauritius","robots":{"index":"index","follow":"follow","max-snippet":"max-snippet:-1","max-image-preview":"max-image-preview:large","max-video-preview":"max-video-preview:-1"},"canonical":"https:\/\/mauritius-chamber-of-agriculture.org\/smart-agriculture\/publications-and-reports\/","og_locale":"en_US","og_type":"article","og_title":"PUBLICATIONS AND REPORTS - Smart Agriculture Mauritius","og_description":"Publications and Reports Publications Pr\u00e9sentation workshop 27.08.18 Reports Smart Agriculture Phase 1 : Enqu\u00eate sur les pratiques phytosanitaires des producteurs de l\u00e9gumes \u00e0 Maurice Smart Agri Phase 2 &#8211; Vers la r\u00e9duction de l\u2019utilisation des produits phytosanitaires en cultures vivri\u00e8res \u00e0 Maurice Technical sheets Fiche technique : Lutte int\u00e9gr\u00e9e contre la mouche des fruits","og_url":"https:\/\/mauritius-chamber-of-agriculture.org\/smart-agriculture\/publications-and-reports\/","og_site_name":"Smart Agriculture Mauritius","twitter_card":"summary_large_image","twitter_misc":{"Est. reading time":"1 minute"},"schema":{"@context":"https:\/\/schema.org","@graph":[{"@type":"WebPage","@id":"https:\/\/mauritius-chamber-of-agriculture.org\/smart-agriculture\/publications-and-reports\/","url":"https:\/\/mauritius-chamber-of-agriculture.org\/smart-agriculture\/publications-and-reports\/","name":"PUBLICATIONS AND REPORTS - Smart Agriculture Mauritius","isPartOf":{"@id":"https:\/\/mauritius-chamber-of-agriculture.org\/smart-agriculture\/#website"},"datePublished":"2025-07-22T20:02:38+00:00","breadcrumb":{"@id":"https:\/\/mauritius-chamber-of-agriculture.org\/smart-agriculture\/publications-and-reports\/#breadcrumb"},"inLanguage":"en-US","potentialAction":[{"@type":"ReadAction","target":["https:\/\/mauritius-chamber-of-agriculture.org\/smart-agriculture\/publications-and-reports\/"]}]},{"@type":"BreadcrumbList","@id":"https:\/\/mauritius-chamber-of-agriculture.org\/smart-agriculture\/publications-and-reports\/#breadcrumb","itemListElement":[{"@type":"ListItem","position":1,"name":"Home","item":"https:\/\/mauritius-chamber-of-agriculture.org\/smart-agriculture\/"},{"@type":"ListItem","position":2,"name":"PUBLICATIONS AND REPORTS"}]},{"@type":"WebSite","@id":"https:\/\/mauritius-chamber-of-agriculture.org\/smart-agriculture\/#website","url":"https:\/\/mauritius-chamber-of-agriculture.org\/smart-agriculture\/","name":"Smart Agriculture Mauritius","description":"","publisher":{"@id":"https:\/\/mauritius-chamber-of-agriculture.org\/smart-agriculture\/#organization"},"potentialAction":[{"@type":"SearchAction","target":{"@type":"EntryPoint","urlTemplate":"https:\/\/mauritius-chamber-of-agriculture.org\/smart-agriculture\/?s={search_term_string}"},"query-input":{"@type":"PropertyValueSpecification","valueRequired":true,"valueName":"search_term_string"}}],"inLanguage":"en-US"},{"@type":"Organization","@id":"https:\/\/mauritius-chamber-of-agriculture.org\/smart-agriculture\/#organization","name":"Smart Agriculture Mauritius","url":"https:\/\/mauritius-chamber-of-agriculture.org\/smart-agriculture\/","logo":{"@type":"ImageObject","inLanguage":"en-US","@id":"https:\/\/mauritius-chamber-of-agriculture.org\/smart-agriculture\/#\/schema\/logo\/image\/","url":"https:\/\/mauritius-chamber-of-agriculture.org\/smart-agriculture\/wp-content\/uploads\/sites\/2\/2024\/12\/logo-smart-agriculture-rvb.png","contentUrl":"https:\/\/mauritius-chamber-of-agriculture.org\/smart-agriculture\/wp-content\/uploads\/sites\/2\/2024\/12\/logo-smart-agriculture-rvb.png","width":300,"height":141,"caption":"Smart Agriculture Mauritius"},"image":{"@id":"https:\/\/mauritius-chamber-of-agriculture.org\/smart-agriculture\/#\/schema\/logo\/image\/"}}]}},"_links":{"self":[{"href":"https:\/\/mauritius-chamber-of-agriculture.org\/smart-agriculture\/wp-json\/wp\/v2\/pages\/439","targetHints":{"allow":["GET"]}}],"collection":[{"href":"https:\/\/mauritius-chamber-of-agriculture.org\/smart-agriculture\/wp-json\/wp\/v2\/pages"}],"about":[{"href":"https:\/\/mauritius-chamber-of-agriculture.org\/smart-agriculture\/wp-json\/wp\/v2\/types\/page"}],"author":[{"embeddable":true,"href":"https:\/\/mauritius-chamber-of-agriculture.org\/smart-agriculture\/wp-json\/wp\/v2\/users\/3"}],"replies":[{"embeddable":true,"href":"https:\/\/mauritius-chamber-of-agriculture.org\/smart-agriculture\/wp-json\/wp\/v2\/comments?post=439"}],"version-history":[{"count":5,"href":"https:\/\/mauritius-chamber-of-agriculture.org\/smart-agriculture\/wp-json\/wp\/v2\/pages\/439\/revisions"}],"predecessor-version":[{"id":542,"href":"https:\/\/mauritius-chamber-of-agriculture.org\/smart-agriculture\/wp-json\/wp\/v2\/pages\/439\/revisions\/542"}],"wp:attachment":[{"href":"https:\/\/mauritius-chamber-of-agriculture.org\/smart-agriculture\/wp-json\/wp\/v2\/media?parent=439"}],"curies":[{"name":"wp","href":"https:\/\/api.w.org\/{rel}","templated":true}]}}